{"id":17,"date":"2022-02-17T17:01:41","date_gmt":"2022-02-17T17:01:41","guid":{"rendered":"https:\/\/www.machbar.one\/index.php\/startseite\/"},"modified":"2026-01-28T18:26:56","modified_gmt":"2026-01-28T18:26:56","slug":"startseite","status":"publish","type":"page","link":"https:\/\/www.machbar.one\/","title":{"rendered":"Startseite"},"content":{"rendered":"\n    \n    <section class=\"u-clearfix u-white u-section-2\" id=\"sec-b6c8\">\n      <div class=\"u-clearfix u-sheet u-valign-middle u-sheet-1\">\n        <div class=\"u-clearfix u-expanded-width u-gutter-20 u-layout-wrap u-layout-wrap-1\">\n          <div class=\"u-gutter-0 u-layout\">\n            <div class=\"u-layout-row\">\n              <div class=\"u-size-32\">\n                <div class=\"u-layout-col\">\n                  <div class=\"u-container-style u-grey-5 u-layout-cell u-size-60 u-layout-cell-1\">\n                    <div class=\"u-border-2 u-border-grey-75 u-container-layout u-valign-bottom u-container-layout-1\">\n                      <h4 class=\"u-align-center u-text u-text-1\">WILKOMMEN bei machBAR<\/h4>\n                      <div class=\"u-border-3 u-border-grey-dark-1 u-line u-line-horizontal u-line-1\"><\/div>\n                      <p class=\"u-align-center u-text u-text-2\"> In der offenen Werkstatt haben sie die M\u00f6glichkeit ihre eigenen Projekte umzusetzen und ihre Kreativit\u00e4t auszuleben.<br>Auch Kurse und Auftragsarbeiten geh\u00f6ren zu meinem Angebot.<br>\n                        <br>Die offene Werkstatt, sowie die RepaierBar&nbsp;<br>sind nach Vereinbarung ge\u00f6ffnet.<br>&nbsp;<br>&nbsp;Versicherung ist Sache der Teilnehmer \n                      <\/p>\n                      <img decoding=\"async\" class=\"u-align-center u-image u-image-default u-image-1\" src=\"https:\/\/www.machbar.one\/wp-content\/uploads\/2022\/02\/IMG_0442-1.jpg\" alt=\"\" data-image-width=\"4032\" data-image-height=\"3024\">\n                      <img decoding=\"async\" class=\"u-image u-image-default u-image-2\" src=\"https:\/\/www.machbar.one\/wp-content\/uploads\/2022\/02\/IMG_0443-1.jpg\" alt=\"\" data-image-width=\"4030\" data-image-height=\"2648\">\n                    <\/div>\n                  <\/div>\n                <\/div>\n              <\/div>\n              <div class=\"u-size-28\">\n                <div class=\"u-layout-col\">\n                  <div class=\"u-container-style u-grey-5 u-layout-cell u-size-20 u-layout-cell-2\">\n                    <div class=\"u-border-2 u-border-grey-75 u-container-layout u-container-layout-2\">\n                      <h4 class=\"u-align-center u-text u-text-3\">Noch kein Geschenk?<\/h4>\n                      <div class=\"u-border-3 u-border-grey-dark-1 u-line u-line-horizontal u-line-2\"><\/div>\n                      <img decoding=\"async\" class=\"u-image u-image-default u-image-3\" src=\"https:\/\/www.machbar.one\/wp-content\/uploads\/2023\/12\/IMG_2669-1-scaled.jpg\" alt=\"\" data-image-width=\"1920\" data-image-height=\"2560\">\n                      <p class=\"u-align-center u-text u-text-4\">In meinem Verkaufsfenster k\u00f6nnt ihr Dekoartikel und kleine Geschenke erwerben.&nbsp;Der Inhalt variiert je nach Saison, darum lohnt es sich immer wieder vorbei zu schauen. Bezahlen kann man bar oder per Twint.<\/p>\n                    <\/div>\n                  <\/div>\n                  <div class=\"u-container-style u-grey-5 u-layout-cell u-size-20 u-layout-cell-3\">\n                    <div class=\"u-border-2 u-border-grey-75 u-container-layout u-container-layout-3\">\n                      <h4 class=\"u-align-center u-text u-text-default u-text-5\">Zitat<\/h4>\n                      <div class=\"u-border-3 u-border-grey-dark-1 u-line u-line-horizontal u-line-3\"><\/div>\n                      <p class=\"u-align-center u-text u-text-6\"> \"Lebenskunst ist nicht zuletzt die F\u00e4higkeit,<br>auf etwas Notwendiges zu verzichten,<br>um sich etwas \u00dcberfl\u00fcssiges zu leisten.\"<br><i>Vittorio de Sica<\/i>\n                        <br>\n                      <\/p>\n                    <\/div>\n                  <\/div>\n                  <div class=\"u-container-style u-grey-5 u-layout-cell u-size-20 u-layout-cell-4\">\n                    <div class=\"u-border-2 u-border-grey-75 u-container-layout u-container-layout-4\">\n                      <h4 class=\"u-align-center u-text u-text-default u-text-7\">Aktuelles<\/h4>\n                      <div class=\"u-border-3 u-border-grey-dark-1 u-line u-line-horizontal u-line-4\"><\/div>\n                      <p class=\"u-align-center u-text u-text-default u-text-8\">Bei Kaffe oder Tee k\u00f6nnen sie in den<br>&nbsp;Zeitschriften Bloom'S und Selbstgemacht st\u00f6bern<br>\n                        <br>Jeweils am Nachmittag k\u00f6nnen Kinder ab 4 Jahren&nbsp;<br>mitgenommen werden.&nbsp; Die Kinder d\u00fcrfen, w\u00e4hrend wir werken, im Garten&nbsp;oder Estrich (Spielguppenraum) spielen. \n                      <\/p>\n                    <\/div>\n                  <\/div>\n                <\/div>\n              <\/div>\n            <\/div>\n          <\/div>\n        <\/div>\n      <\/div>\n    <\/section>\n    \n    \n  \n","protected":false},"excerpt":{"rendered":"<p>WILKOMMEN bei machBAR In der offenen Werkstatt haben sie die M\u00f6glichkeit ihre eigenen Projekte umzusetzen und ihre Kreativit\u00e4t auszuleben.Auch Kurse und Auftragsarbeiten geh\u00f6ren zu meinem Angebot. Die offene Werkstatt, sowie die RepaierBar&nbsp;sind nach Vereinbarung ge\u00f6ffnet.&nbsp;&nbsp;Versicherung ist Sache der Teilnehmer Noch kein Geschenk? In meinem Verkaufsfenster k\u00f6nnt ihr Dekoartikel und kleine Geschenke erwerben.&nbsp;Der Inhalt variiert je &hellip; <a href=\"https:\/\/www.machbar.one\/\" class=\"more-link\">Continue reading<span class=\"screen-reader-text\"> &#171;Startseite&#187;<\/span><\/a><\/p>\n","protected":false},"author":1,"featured_media":0,"parent":0,"menu_order":2,"comment_status":"closed","ping_status":"closed","template":"","meta":{"footnotes":""},"class_list":["post-17","page","type-page","status-publish","hentry"],"_links":{"self":[{"href":"https:\/\/www.machbar.one\/index.php\/wp-json\/wp\/v2\/pages\/17","targetHints":{"allow":["GET"]}}],"collection":[{"href":"https:\/\/www.machbar.one\/index.php\/wp-json\/wp\/v2\/pages"}],"about":[{"href":"https:\/\/www.machbar.one\/index.php\/wp-json\/wp\/v2\/types\/page"}],"author":[{"embeddable":true,"href":"https:\/\/www.machbar.one\/index.php\/wp-json\/wp\/v2\/users\/1"}],"replies":[{"embeddable":true,"href":"https:\/\/www.machbar.one\/index.php\/wp-json\/wp\/v2\/comments?post=17"}],"version-history":[{"count":14,"href":"https:\/\/www.machbar.one\/index.php\/wp-json\/wp\/v2\/pages\/17\/revisions"}],"predecessor-version":[{"id":189,"href":"https:\/\/www.machbar.one\/index.php\/wp-json\/wp\/v2\/pages\/17\/revisions\/189"}],"wp:attachment":[{"href":"https:\/\/www.machbar.one\/index.php\/wp-json\/wp\/v2\/media?parent=17"}],"curies":[{"name":"wp","href":"https:\/\/api.w.org\/{rel}","templated":true}]}}