{"id":19,"date":"2022-02-17T17:01:43","date_gmt":"2022-02-17T17:01:43","guid":{"rendered":"https:\/\/www.machbar.one\/index.php\/ueber-mich\/"},"modified":"2026-01-28T18:25:07","modified_gmt":"2026-01-28T18:25:07","slug":"ueber-mich","status":"publish","type":"page","link":"https:\/\/www.machbar.one\/index.php\/ueber-mich\/","title":{"rendered":"\u00dcber mich"},"content":{"rendered":"\n    \n    <section class=\"u-align-center-lg u-align-center-md u-align-center-xl u-align-left-sm u-align-left-xs u-clearfix u-section-2\" data-image-width=\"2000\" data-image-height=\"1333\" id=\"sec-6294\">\n      <div class=\"u-clearfix u-sheet u-sheet-1\">\n        <h2 class=\"u-align-center u-text u-text-1\">\u00dcber mich<\/h2>\n        <div class=\"u-clearfix u-expanded-width u-gutter-10 u-layout-wrap u-layout-wrap-1\">\n          <div class=\"u-gutter-0 u-layout\">\n            <div class=\"u-layout-row\">\n              <div class=\"u-size-20 u-size-30-md\">\n                <div class=\"u-layout-col\">\n                  <div class=\"u-align-left u-container-style u-layout-cell u-left-cell u-size-20 u-layout-cell-1\">\n                    <div class=\"u-container-layout u-valign-top u-container-layout-1\">\n                      <h3 class=\"u-text u-text-default u-text-2\">Kindheit<\/h3>\n                      <p class=\"u-text u-text-3\"> Kreativ bin ich seit meiner Kindheit. Mein Standardspruch lautete damals:&nbsp;<i>\u201eda chani bruche\u201c&nbsp;<\/i>. Wertloses Material wurde zu etwas Neuem umfunktioniert. \n                      <\/p>\n                    <\/div>\n                  <\/div>\n                  <div class=\"u-align-left u-container-style u-layout-cell u-left-cell u-size-20 u-layout-cell-2\">\n                    <div class=\"u-container-layout u-valign-top u-container-layout-2\">\n                      <h3 class=\"u-text u-text-default u-text-4\">Werdegang<\/h3>\n                      <p class=\"u-text u-text-5\"> In meinem gelernten Beruf als Kinderg\u00e4rtnerin konnte ich meiner Kreativit\u00e4t freien Lauf lassen. Einen grossen Teil meiner Freizeit verbrachte ich mit Werken, N\u00e4hen und Schreinern.<\/p>\n                    <\/div>\n                  <\/div>\n                  <div class=\"u-align-left u-container-style u-layout-cell u-left-cell u-size-20 u-layout-cell-3\">\n                    <div class=\"u-container-layout u-valign-top u-container-layout-3\">\n                      <h3 class=\"u-text u-text-default u-text-6\">Inspirationen<\/h3>\n                      <p class=\"u-text u-text-7\"> Immer wieder besuchte ich Kurse zur Verarbeitung diverser Materialien, wie Weidengeflechte, Deko-Kugeln, Objekte aus Schwemmholz, Schwarzenberger Krippenfiguren, Plexiglas, Beton, Holz, Stoff und vielem mehr.<\/p>\n                    <\/div>\n                  <\/div>\n                <\/div>\n              <\/div>\n              <div class=\"u-size-20 u-size-30-md\">\n                <div class=\"u-layout-row\">\n                  <div class=\"u-align-left u-container-style u-image u-layout-cell u-size-60 u-image-1\" src=\"\" data-image-width=\"339\" data-image-height=\"549\" style=\"background-image: url(&quot;https:\/\/www.machbar.one\/wp-content\/uploads\/2026\/01\/5a05e411-8155-434c-8957-7ae793345fd6.jpg&quot;);\">\n                    <div class=\"u-container-layout u-valign-top u-container-layout-4\" src=\"\"><\/div>\n                  <\/div>\n                <\/div>\n              <\/div>\n              <div class=\"u-size-20 u-size-60-md\">\n                <div class=\"u-layout-col\">\n                  <div class=\"u-align-left u-container-style u-layout-cell u-right-cell u-size-20 u-layout-cell-5\">\n                    <div class=\"u-container-layout u-valign-bottom u-container-layout-5\">\n                      <h3 class=\"u-text u-text-default u-text-8\">Materialien<\/h3>\n                      <p class=\"u-align-left u-text u-text-9\"> Auch heute lasse ich mich vom Material inspirieren. Die Frage lautet nun:&nbsp;<i>\u201eWas kann ich daraus machen?\u201c&nbsp;<\/i>Und so wird vieles wieder verwertet, das sonst auf dem M\u00fcll landen w\u00fcrde. Aus etwas Altem etwas Neues herzustellen, fordert mich immer wieder heraus. \n                      <\/p>\n                    <\/div>\n                  <\/div>\n                  <div class=\"u-align-left u-container-style u-layout-cell u-right-cell u-size-20 u-layout-cell-6\">\n                    <div class=\"u-container-layout u-valign-top u-container-layout-6\">\n                      <h3 class=\"u-text u-text-default u-text-10\">Natur<\/h3>\n                      <p class=\"u-align-left u-text u-text-11\"> Da wir einen grossen Garten haben, stehen mir auch verschiedenste Naturmaterialien zum Verwerten zur Verf\u00fcgung.<\/p>\n                    <\/div>\n                  <\/div>\n                  <div class=\"u-align-left u-container-style u-layout-cell u-right-cell u-size-20 u-layout-cell-7\">\n                    <div class=\"u-container-layout u-valign-top u-container-layout-7\">\n                      <h3 class=\"u-text u-text-default u-text-12\">Projekte<\/h3>\n                      <p class=\"u-align-left u-text u-text-13\"> Zurzeit fertige ich in meiner Werkstatt Etag\u00e8ren, Betonartikel, Garderoben und diverse Deko-Artikel f\u00fcr drinnen und draussen, f\u00fcr den Eigenbedarf, als Geschenk oder auf Auftrag.<\/p>\n                    <\/div>\n                  <\/div>\n                <\/div>\n              <\/div>\n            <\/div>\n          <\/div>\n        <\/div>\n      <\/div>\n    <\/section>\n    \n    \n  \n","protected":false},"excerpt":{"rendered":"<p>\u00dcber mich Kindheit Kreativ bin ich seit meiner Kindheit. Mein Standardspruch lautete damals:&nbsp;\u201eda chani bruche\u201c&nbsp;. Wertloses Material wurde zu etwas Neuem umfunktioniert. Werdegang In meinem gelernten Beruf als Kinderg\u00e4rtnerin konnte ich meiner Kreativit\u00e4t freien Lauf lassen. Einen grossen Teil meiner Freizeit verbrachte ich mit Werken, N\u00e4hen und Schreinern. Inspirationen Immer wieder besuchte ich Kurse zur &hellip; <a href=\"https:\/\/www.machbar.one\/index.php\/ueber-mich\/\" class=\"more-link\">Continue reading<span class=\"screen-reader-text\"> &#171;\u00dcber mich&#187;<\/span><\/a><\/p>\n","protected":false},"author":1,"featured_media":0,"parent":0,"menu_order":4,"comment_status":"closed","ping_status":"closed","template":"","meta":{"footnotes":""},"class_list":["post-19","page","type-page","status-publish","hentry"],"_links":{"self":[{"href":"https:\/\/www.machbar.one\/index.php\/wp-json\/wp\/v2\/pages\/19","targetHints":{"allow":["GET"]}}],"collection":[{"href":"https:\/\/www.machbar.one\/index.php\/wp-json\/wp\/v2\/pages"}],"about":[{"href":"https:\/\/www.machbar.one\/index.php\/wp-json\/wp\/v2\/types\/page"}],"author":[{"embeddable":true,"href":"https:\/\/www.machbar.one\/index.php\/wp-json\/wp\/v2\/users\/1"}],"replies":[{"embeddable":true,"href":"https:\/\/www.machbar.one\/index.php\/wp-json\/wp\/v2\/comments?post=19"}],"version-history":[{"count":2,"href":"https:\/\/www.machbar.one\/index.php\/wp-json\/wp\/v2\/pages\/19\/revisions"}],"predecessor-version":[{"id":155,"href":"https:\/\/www.machbar.one\/index.php\/wp-json\/wp\/v2\/pages\/19\/revisions\/155"}],"wp:attachment":[{"href":"https:\/\/www.machbar.one\/index.php\/wp-json\/wp\/v2\/media?parent=19"}],"curies":[{"name":"wp","href":"https:\/\/api.w.org\/{rel}","templated":true}]}}