{"id":20,"date":"2022-02-17T17:01:44","date_gmt":"2022-02-17T17:01:44","guid":{"rendered":"https:\/\/www.machbar.one\/index.php\/kurse\/"},"modified":"2026-01-28T18:17:51","modified_gmt":"2026-01-28T18:17:51","slug":"kurse","status":"publish","type":"page","link":"https:\/\/www.machbar.one\/index.php\/kurse\/","title":{"rendered":"Kurse"},"content":{"rendered":"\n    \n    <section class=\"u-align-center u-clearfix u-section-2\" id=\"sec-71a1\">\n      <div class=\"u-clearfix u-sheet u-sheet-1\">\n        <div class=\"u-expanded-width u-tab-links-align-center u-tabs u-tabs-1\">\n          <ul class=\"u-border-7 u-border-grey-75 u-grey-5 u-spacing-15 u-tab-list u-unstyled u-tab-list-1\" role=\"tablist\">\n            <li class=\"u-tab-item\" role=\"presentation\">\n              <a class=\"active u-active-white u-border-3 u-border-active-custom-color-1 u-border-no-bottom u-button-style u-tab-link u-text-active-black u-text-body-color u-text-hover-grey-75 u-tab-link-1\" id=\"link-tab-0da5\" href=\"#tab-0da5\" role=\"tab\" aria-controls=\"tab-0da5\" aria-selected=\"true\">Kinder<\/a>\n            <\/li>\n            <li class=\"u-tab-item\" role=\"presentation\">\n              <a class=\"u-active-white u-border-3 u-border-active-custom-color-1 u-border-no-bottom u-button-style u-tab-link u-text-active-black u-text-body-color u-text-hover-grey-75 u-tab-link-2\" id=\"link-tab-d808\" href=\"#tab-d808\" role=\"tab\" aria-controls=\"tab-d808\" aria-selected=\"false\">Kindergeburtstag<\/a>\n            <\/li>\n            <li class=\"u-tab-item\" role=\"presentation\">\n              <a class=\"u-active-white u-border-3 u-border-active-custom-color-1 u-border-no-bottom u-button-style u-tab-link u-text-active-black u-text-body-color u-text-hover-grey-75 u-tab-link-3\" id=\"link-tab-14b7\" href=\"#tab-14b7\" role=\"tab\" aria-controls=\"tab-14b7\" aria-selected=\"false\">Erwachsene<\/a>\n            <\/li>\n          <\/ul>\n          <div class=\"u-tab-content\">\n            <div class=\"u-container-style u-shape-rectangle u-tab-active u-tab-pane u-white u-tab-pane-1\" id=\"tab-0da5\" role=\"tabpanel\" aria-labelledby=\"link-tab-0da5\">\n              <div class=\"u-container-layout u-container-layout-1\">\n                <h3 class=\"u-align-center u-text u-text-default u-text-1\">Jahreskurs f\u00fcr Kinder<\/h3>\n                <p class=\"u-align-center u-text u-text-2\">Kindergarten bis 6. Klasse<\/p>\n                <div class=\"u-border-3 u-border-grey-dark-1 u-line u-line-horizontal u-line-1\"><\/div>\n                <p class=\"u-align-center u-text u-text-3\">Haben sie Kinder, die gerne basteln und kreativ sind?<br>Dann w\u00e4re das vielleicht etwas. Ich habe viel Material und noch mehr Ideen.&nbsp;<br>Diese m\u00f6chte ich mit einer Gruppe bis max. 6 Kindern an einem Nachmittag,<br>den Jahreszeiten entsprechend umsetzen.&nbsp;Die Kinder lernen an 10 Nachmittagen verschiedene&nbsp;<br>Materialien und Techniken kennen.<br>&nbsp;<br>\n                  <br>\n                <\/p>\n                <div class=\"u-align-left u-border-3 u-border-custom-color-1 u-container-style u-group u-group-1\">\n                  <div class=\"u-container-layout u-container-layout-2\">\n                    <h4 class=\"u-align-center u-text u-text-default u-text-4\">Kurs1&nbsp; &nbsp; &nbsp;KG-1.Kl&nbsp; &nbsp; &nbsp; &nbsp;Dienstagnachmittag : 15.45-17.15<\/h4>\n                    <div class=\"u-border-3 u-border-grey-dark-1 u-line u-line-horizontal u-line-2\"><\/div>\n                    <p class=\"u-align-center u-text u-text-default u-text-5\">Daten 2026: 13.01\/&nbsp; 24.02\/ 24.03\/ 05.05\/ 09.06\/ 18.08\/ 08.09\/ 20.10\/ 17.11\/&nbsp;<br>Kosten 180.- inkl. Material \n                    <\/p>\n                  <\/div>\n                <\/div>\n                <div class=\"u-align-left u-border-3 u-border-custom-color-1 u-container-style u-group u-group-2\">\n                  <div class=\"u-container-layout u-valign-bottom u-container-layout-3\">\n                    <h4 class=\"u-align-center u-text u-text-default u-text-6\">Kurs 2&nbsp; &nbsp; KG-1.Kl&nbsp; &nbsp; &nbsp; Donnerstagnachmittag: 15.45-17.15.&nbsp;<\/h4>\n                    <div class=\"u-border-3 u-border-grey-dark-1 u-line u-line-horizontal u-line-3\"><\/div>\n                    <p class=\"u-align-center u-text u-text-default u-text-7\">Daten 2026: 15.01\/ 26.02\/26.03\/ 07.05\/ 11.06\/ 20.08\/ 10.09\/ 22.20\/ 19.117&nbsp;<br>Kosten 180.- inkl. Material \n                    <\/p>\n                  <\/div>\n                <\/div>\n                <div class=\"u-border-3 u-border-custom-color-1 u-container-style u-expanded-width u-group u-group-3\">\n                  <div class=\"u-container-layout u-container-layout-4\">\n                    <h4 class=\"u-align-center u-text u-text-default u-text-8\">Kurs 3&nbsp; &nbsp; &nbsp; &nbsp; 6.Kl&nbsp; &nbsp; Mittwochnachmittag: 15.30-17.00<\/h4>\n                    <div class=\"u-border-3 u-border-grey-dark-1 u-line u-line-horizontal u-line-4\"><\/div>\n                    <p class=\"u-align-center u-text u-text-default u-text-9\">Daten 2026: 21.01\/ 04.03\/ 01.04\/ 13.05\/ 17.06\/ 26.08\/ 16.09\/ 28.10\/ 25.11\/<br>Kosten 180.- inkl. Material \n                    <\/p>\n                  <\/div>\n                <\/div>\n                <div class=\"u-border-3 u-border-custom-color-1 u-container-style u-group u-group-4\">\n                  <div class=\"u-container-layout u-container-layout-5\">\n                    <h4 class=\"u-align-center u-text u-text-default u-text-10\">Kurs 4&nbsp; &nbsp; &nbsp;1.KG-1.Kl.&nbsp; &nbsp; &nbsp; &nbsp; Donnerstagnachmittag: 15.45-17.15<\/h4>\n                    <div class=\"u-border-3 u-border-grey-dark-1 u-line u-line-horizontal u-line-5\"><\/div>\n                    <p class=\"u-align-center u-text u-text-default u-text-11\">Daten 2026: 22.01\/ 05.03\/ 02.04\/ 21.05\/ 18.06\/ 27.08\/ 17.09\/ 29.10\/ 26.11\/<br>Kosten 180.- inkl. Material \n                    <\/p>\n                  <\/div>\n                <\/div>\n              <\/div>\n            <\/div>\n            <div class=\"u-container-style u-shape-rectangle u-tab-pane u-white u-tab-pane-2\" id=\"tab-d808\" role=\"tabpanel\" aria-labelledby=\"link-tab-d808\">\n              <div class=\"u-container-layout u-container-layout-6\">\n                <h3 class=\"u-align-center u-text u-text-default u-text-12\">Kindergeburtstag in der machBAR<\/h3>\n                <p class=\"u-align-center u-text u-text-13\">Kindergarten bis 6. Klasse<\/p>\n                <div class=\"u-border-3 u-border-grey-dark-1 u-line u-line-horizontal u-line-6\"><\/div>\n                <p class=\"u-align-center u-text u-text-14\"> Alle Jahre wieder kommen sie auf einem zu, die Kindergeburtstage. Keine Idee?&nbsp;<br>\n                  <br>Gerne organisiere ich einen kreativen Werk-Nachmittag fu\u0308r eine Kindergruppe.&nbsp;<br>\n                <\/p>\n                <div class=\"u-align-left u-border-3 u-border-black u-container-style u-expanded-width u-group u-group-5\">\n                  <div class=\"u-container-layout u-container-layout-7\">\n                    <h4 class=\"u-align-center u-text u-text-default u-text-15\">Rahmenbedingungen<\/h4>\n                    <div class=\"u-border-3 u-border-grey-dark-1 u-line u-line-horizontal u-line-7\"><\/div>\n                    <div class=\"u-table u-table-responsive u-table-1\">\n                      <table class=\"u-table-entity\">\n                        <colgroup>\n                          <col width=\"50%\">\n                          <col width=\"50%\">\n                        <\/colgroup>\n                        <tbody class=\"u-table-body\">\n                          <tr style=\"height: 27px;\">\n                            <td class=\"u-table-cell\">Max. 6 Kinder<\/td>\n                            <td class=\"u-table-cell\">(Thema nach Wunsch)&nbsp;<\/td>\n                          <\/tr>\n                          <tr style=\"height: 33px;\">\n                            <td class=\"u-table-cell\">Dauer: 2 Std.&nbsp;<\/td>\n                            <td class=\"u-table-cell\">Kosten: 20.- pro Kind&nbsp;<\/td>\n                          <\/tr>\n                          <tr style=\"height: 37px;\">\n                            <td class=\"u-table-cell\">\n                              <br>\n                            <\/td>\n                            <td class=\"u-table-cell\">\n                              <br>\n                            <\/td>\n                          <\/tr>\n                        <\/tbody>\n                      <\/table>\n                    <\/div>\n                  <\/div>\n                <\/div>\n                <div class=\"u-border-3 u-border-black u-container-style u-expanded-width u-group u-group-6\">\n                  <div class=\"u-container-layout u-container-layout-8\">\n                    <h4 class=\"u-align-center u-text u-text-default u-text-16\">Anfragen<\/h4>\n                    <div class=\"u-border-3 u-border-grey-dark-1 u-line u-line-horizontal u-line-8\"><\/div>\n                    <p class=\"u-align-center u-text u-text-default u-text-17\"> Anfragen mindestens 1 Monat im Voraus&nbsp;<br>via Kontakt Formular, E-Mail oder unter 052 681 11 57&nbsp; \n                    <\/p>\n                  <\/div>\n                <\/div>\n              <\/div>\n            <\/div>\n            <div class=\"u-align-left u-container-style u-shape-rectangle u-tab-pane u-white u-tab-pane-3\" id=\"tab-14b7\" role=\"tabpanel\" aria-labelledby=\"link-tab-14b7\">\n              <div class=\"u-container-layout u-container-layout-9\">\n                <h3 class=\"u-align-center u-text u-text-18\">Kursprogramm 2025<\/h3>\n                <div class=\"u-border-3 u-border-grey-dark-1 u-line u-line-horizontal u-line-9\"><\/div>\n                <p class=\"u-align-center u-text u-text-19\">Im Kursgeld beinhaltet sind jeweils die Grundmaterialen, Heissleim, Draht, Getra\u0308nk und etwas fu\u0308r den Gluscht.<br>&nbsp;Fu\u0308r zusa\u0308tzliches Material lege ich eine Preisliste auf. Eigenes Dekomaterial kann mitgebracht werden<br>\n                  <br>Die genauen Termine werden mit den TeilnehmerInnen festgelegt.<br>&nbsp; &nbsp; &nbsp; &nbsp; &nbsp; &nbsp; &nbsp; &nbsp; &nbsp;&nbsp;\n                <\/p>\n                <div class=\"u-border-3 u-border-grey-dark-1 u-line u-line-horizontal u-line-10\"><\/div>\n                <div class=\"u-align-center u-expanded-width u-list u-list-1\">\n                  <div class=\"u-repeater u-repeater-1\">\n                    <div class=\"u-align-center u-container-style u-list-item u-repeater-item\">\n                      <div class=\"u-container-layout u-similar-container u-container-layout-10\">\n                        <img decoding=\"async\" class=\"u-align-left u-image u-image-default u-image-1\" src=\"https:\/\/www.machbar.one\/wp-content\/uploads\/2022\/02\/IMG_E8281-1200x1410.jpg\" alt=\"\" data-image-width=\"2179\" data-image-height=\"2560\">\n                        <h4 class=\"u-text u-text-20\"> Fr\u00fchlingskurs:&nbsp; Fr\u00fchlingsarrangement mit wachst\u00fcten<\/h4>\n                        <div class=\"u-border-2 u-border-grey-dark-1 u-line u-line-horizontal u-line-11\"><\/div>\n                        <p class=\"u-large-text u-text u-text-variant u-text-21\">&nbsp;M\u00e4rz 2025&nbsp; 19.00-21.00Uhr<br>Kurskosten 40.- + Dekomaterial\n                        <\/p>\n                      <\/div>\n                    <\/div>\n                    <div class=\"u-align-center u-container-style u-list-item u-repeater-item\">\n                      <div class=\"u-container-layout u-similar-container u-container-layout-11\">\n                        <img decoding=\"async\" class=\"u-align-left u-image u-image-default u-image-2\" src=\"https:\/\/www.machbar.one\/wp-content\/uploads\/2022\/02\/BCDW1941-1153x2048.jpg\" alt=\"\" data-image-width=\"1441\" data-image-height=\"2560\">\n                        <h4 class=\"u-text u-text-22\"> Sommerkurs:&nbsp; alter Stuhl - neu in Szene gesetzt<\/h4>\n                        <div class=\"u-border-2 u-border-grey-dark-1 u-line u-line-horizontal u-line-12\"><\/div>\n                        <p class=\"u-large-text u-text u-text-variant u-text-23\">&nbsp;Juni 2025&nbsp; 19.00-21.00Uhr<br>Kurskosten 40.- + Stuhl, Planzen\n                        <\/p>\n                      <\/div>\n                    <\/div>\n                    <div class=\"u-align-center u-container-style u-list-item u-repeater-item\">\n                      <div class=\"u-container-layout u-similar-container u-container-layout-12\">\n                        <img decoding=\"async\" class=\"u-align-left u-image u-image-default u-image-3\" src=\"https:\/\/www.machbar.one\/wp-content\/uploads\/2024\/11\/IMG_E7124.jpg\" alt=\"\" data-image-width=\"2389\" data-image-height=\"2054\">\n                        <h4 class=\"u-text u-text-24\"> Herbstkurs:&nbsp; Paletteng\u00e4rtli individuell beschriftet\/<br>&nbsp;Stehle beleuchtet\n                        <\/h4>\n                        <div class=\"u-border-2 u-border-grey-dark-1 u-line u-line-horizontal u-line-13\"><\/div>\n                        <p class=\"u-large-text u-text u-text-variant u-text-25\">&nbsp;September 2025 19.00-21.00Uhr<br>Kurskosten 40.- + Pflanzen, Lichterkette\n                        <\/p>\n                      <\/div>\n                    <\/div>\n                    <div class=\"u-align-center u-container-style u-list-item u-repeater-item\">\n                      <div class=\"u-container-layout u-similar-container u-container-layout-13\">\n                        <img decoding=\"async\" class=\"u-align-left u-image u-image-contain u-image-default u-image-4\" src=\"https:\/\/www.machbar.one\/wp-content\/uploads\/2024\/11\/IMG_3879-002-1055x2048.jpg\" alt=\"\" data-image-width=\"1319\" data-image-height=\"2560\">\n                        <h4 class=\"u-text u-text-26\"> Winterkurs:&nbsp; Weihnachtsbaum<\/h4>\n                        <div class=\"u-border-2 u-border-grey-dark-1 u-line u-line-horizontal u-line-14\"><\/div>\n                        <p class=\"u-large-text u-text u-text-variant u-text-27\">&nbsp;November 2025&nbsp; 19.00-21.00Uhr<br>Kurskosten 40.- + Kugeln\/Dekomaterial<br>\n                          <br>\n                        <\/p>\n                      <\/div>\n                    <\/div>\n                  <\/div>\n                <\/div>\n              <\/div>\n            <\/div>\n          <\/div>\n        <\/div>\n      <\/div>\n    <\/section>\n    <section class=\"u-clearfix u-section-3\" id=\"sec-57a3\">\n      <div class=\"u-clearfix u-sheet u-sheet-1\">\n        <div class=\"u-border-3 u-border-grey-dark-1 u-expanded-width u-line u-line-horizontal u-line-1\"><\/div>\n        <h4 class=\"u-align-center u-text u-text-default u-text-1\">.Download Jahresprogramm<\/h4>\n        <a href=\"https:\/\/www.machbar.one\/wp-content\/uploads\/2026\/01\/Jahresprogramm2026-Kurse.pdf\" class=\"u-btn u-button-style u-file-link u-btn-1\" target=\"_blank\"><span class=\"u-file-icon u-icon\"><img decoding=\"async\" src=\"https:\/\/www.machbar.one\/wp-content\/uploads\/2022\/02\/318168.png\" alt=\"\"><\/span>&nbsp;Download Jahresprogramm \n        <\/a>\n      <\/div>\n    <\/section>\n    \n    \n  \n","protected":false},"excerpt":{"rendered":"<p>Kinder Kindergeburtstag Erwachsene Jahreskurs f\u00fcr Kinder Kindergarten bis 6. Klasse Haben sie Kinder, die gerne basteln und kreativ sind?Dann w\u00e4re das vielleicht etwas. Ich habe viel Material und noch mehr Ideen.&nbsp;Diese m\u00f6chte ich mit einer Gruppe bis max. 6 Kindern an einem Nachmittag,den Jahreszeiten entsprechend umsetzen.&nbsp;Die Kinder lernen an 10 Nachmittagen verschiedene&nbsp;Materialien und Techniken kennen.&nbsp; &hellip; <a href=\"https:\/\/www.machbar.one\/index.php\/kurse\/\" class=\"more-link\">Continue reading<span class=\"screen-reader-text\"> &#171;Kurse&#187;<\/span><\/a><\/p>\n","protected":false},"author":1,"featured_media":0,"parent":0,"menu_order":5,"comment_status":"closed","ping_status":"closed","template":"","meta":{"footnotes":""},"class_list":["post-20","page","type-page","status-publish","hentry"],"_links":{"self":[{"href":"https:\/\/www.machbar.one\/index.php\/wp-json\/wp\/v2\/pages\/20","targetHints":{"allow":["GET"]}}],"collection":[{"href":"https:\/\/www.machbar.one\/index.php\/wp-json\/wp\/v2\/pages"}],"about":[{"href":"https:\/\/www.machbar.one\/index.php\/wp-json\/wp\/v2\/types\/page"}],"author":[{"embeddable":true,"href":"https:\/\/www.machbar.one\/index.php\/wp-json\/wp\/v2\/users\/1"}],"replies":[{"embeddable":true,"href":"https:\/\/www.machbar.one\/index.php\/wp-json\/wp\/v2\/comments?post=20"}],"version-history":[{"count":19,"href":"https:\/\/www.machbar.one\/index.php\/wp-json\/wp\/v2\/pages\/20\/revisions"}],"predecessor-version":[{"id":188,"href":"https:\/\/www.machbar.one\/index.php\/wp-json\/wp\/v2\/pages\/20\/revisions\/188"}],"wp:attachment":[{"href":"https:\/\/www.machbar.one\/index.php\/wp-json\/wp\/v2\/media?parent=20"}],"curies":[{"name":"wp","href":"https:\/\/api.w.org\/{rel}","templated":true}]}}